{"id":591,"date":"2016-05-14T18:13:44","date_gmt":"2016-05-15T00:13:44","guid":{"rendered":"http:\/\/mundoacuatico.orbelink.com\/en\/?page_id=591"},"modified":"2018-10-12T14:29:29","modified_gmt":"2018-10-12T20:29:29","slug":"diving-tours","status":"publish","type":"page","link":"https:\/\/mundoacuatico.cr\/en\/diving-tours\/","title":{"rendered":"Diving Tours"},"content":{"rendered":"","protected":false},"excerpt":{"rendered":"","protected":false},"author":4,"featured_media":0,"parent":0,"menu_order":0,"comment_status":"closed","ping_status":"closed","template":"page-giras.php","meta":{"_acf_changed":false,"footnotes":""},"class_list":["post-591","page","type-page","status-publish","hentry"],"acf":[],"yoast_head":"<!-- This site is optimized with the Yoast SEO plugin v26.8 - https:\/\/yoast.com\/product\/yoast-seo-wordpress\/ -->\n<title>Scuba diving tours, Scuba Diving Costa Rica<\/title>\n<meta name=\"description\" content=\"Discover an under water world in our national and international diving tours. Mundo Acuatico leads diving tours in Veragua, Nassau, Uvita Island, Del Ca\u00f1o Island, Herradura Beach, Murci\u00e9lago Island, Papagayo gulr, Manzanillo, Bocas del Toro, Roat\u00e1n, Coco Island and the Mayan Riviera\" \/>\n<meta name=\"robots\" content=\"index, follow, max-snippet:-1, max-image-preview:large, max-video-preview:-1\" \/>\n<link rel=\"canonical\" href=\"https:\/\/mundoacuatico.cr\/en\/diving-tours\/\" \/>\n<meta property=\"og:locale\" content=\"en_US\" \/>\n<meta property=\"og:type\" content=\"article\" \/>\n<meta property=\"og:title\" content=\"Scuba diving tours, Scuba Diving Costa Rica\" \/>\n<meta property=\"og:description\" content=\"Discover an under water world in our national and international diving tours. Mundo Acuatico leads diving tours in Veragua, Nassau, Uvita Island, Del Ca\u00f1o Island, Herradura Beach, Murci\u00e9lago Island, Papagayo gulr, Manzanillo, Bocas del Toro, Roat\u00e1n, Coco Island and the Mayan Riviera\" \/>\n<meta property=\"og:url\" content=\"https:\/\/mundoacuatico.cr\/en\/diving-tours\/\" \/>\n<meta property=\"og:site_name\" content=\"Mundo Acu\u00e1tico\" \/>\n<meta property=\"article:publisher\" content=\"https:\/\/www.facebook.com\/mundoacuaticocr\/\" \/>\n<meta property=\"article:modified_time\" content=\"2018-10-12T20:29:29+00:00\" \/>\n<meta name=\"twitter:card\" content=\"summary_large_image\" \/>\n<script type=\"application\/ld+json\" class=\"yoast-schema-graph\">{\"@context\":\"https:\/\/schema.org\",\"@graph\":[{\"@type\":\"WebPage\",\"@id\":\"https:\/\/mundoacuatico.cr\/en\/diving-tours\/\",\"url\":\"https:\/\/mundoacuatico.cr\/en\/diving-tours\/\",\"name\":\"Scuba diving tours, Scuba Diving Costa Rica\",\"isPartOf\":{\"@id\":\"https:\/\/mundoacuatico.cr\/#website\"},\"datePublished\":\"2016-05-15T00:13:44+00:00\",\"dateModified\":\"2018-10-12T20:29:29+00:00\",\"description\":\"Discover an under water world in our national and international diving tours. Mundo Acuatico leads diving tours in Veragua, Nassau, Uvita Island, Del Ca\u00f1o Island, Herradura Beach, Murci\u00e9lago Island, Papagayo gulr, Manzanillo, Bocas del Toro, Roat\u00e1n, Coco Island and the Mayan Riviera\",\"breadcrumb\":{\"@id\":\"https:\/\/mundoacuatico.cr\/en\/diving-tours\/#breadcrumb\"},\"inLanguage\":\"en-US\",\"potentialAction\":[{\"@type\":\"ReadAction\",\"target\":[\"https:\/\/mundoacuatico.cr\/en\/diving-tours\/\"]}]},{\"@type\":\"BreadcrumbList\",\"@id\":\"https:\/\/mundoacuatico.cr\/en\/diving-tours\/#breadcrumb\",\"itemListElement\":[{\"@type\":\"ListItem\",\"position\":1,\"name\":\"Inicio\",\"item\":\"https:\/\/mundoacuatico.cr\/\"},{\"@type\":\"ListItem\",\"position\":2,\"name\":\"Diving Tours\"}]},{\"@type\":\"WebSite\",\"@id\":\"https:\/\/mundoacuatico.cr\/#website\",\"url\":\"https:\/\/mundoacuatico.cr\/\",\"name\":\"Mundo Acu\u00e1tico\",\"description\":\"\",\"potentialAction\":[{\"@type\":\"SearchAction\",\"target\":{\"@type\":\"EntryPoint\",\"urlTemplate\":\"https:\/\/mundoacuatico.cr\/?s={search_term_string}\"},\"query-input\":{\"@type\":\"PropertyValueSpecification\",\"valueRequired\":true,\"valueName\":\"search_term_string\"}}],\"inLanguage\":\"en-US\"}]}<\/script>\n<!-- \/ Yoast SEO plugin. -->","yoast_head_json":{"title":"Scuba diving tours, Scuba Diving Costa Rica","description":"Discover an under water world in our national and international diving tours. Mundo Acuatico leads diving tours in Veragua, Nassau, Uvita Island, Del Ca\u00f1o Island, Herradura Beach, Murci\u00e9lago Island, Papagayo gulr, Manzanillo, Bocas del Toro, Roat\u00e1n, Coco Island and the Mayan Riviera","robots":{"index":"index","follow":"follow","max-snippet":"max-snippet:-1","max-image-preview":"max-image-preview:large","max-video-preview":"max-video-preview:-1"},"canonical":"https:\/\/mundoacuatico.cr\/en\/diving-tours\/","og_locale":"en_US","og_type":"article","og_title":"Scuba diving tours, Scuba Diving Costa Rica","og_description":"Discover an under water world in our national and international diving tours. Mundo Acuatico leads diving tours in Veragua, Nassau, Uvita Island, Del Ca\u00f1o Island, Herradura Beach, Murci\u00e9lago Island, Papagayo gulr, Manzanillo, Bocas del Toro, Roat\u00e1n, Coco Island and the Mayan Riviera","og_url":"https:\/\/mundoacuatico.cr\/en\/diving-tours\/","og_site_name":"Mundo Acu\u00e1tico","article_publisher":"https:\/\/www.facebook.com\/mundoacuaticocr\/","article_modified_time":"2018-10-12T20:29:29+00:00","twitter_card":"summary_large_image","schema":{"@context":"https:\/\/schema.org","@graph":[{"@type":"WebPage","@id":"https:\/\/mundoacuatico.cr\/en\/diving-tours\/","url":"https:\/\/mundoacuatico.cr\/en\/diving-tours\/","name":"Scuba diving tours, Scuba Diving Costa Rica","isPartOf":{"@id":"https:\/\/mundoacuatico.cr\/#website"},"datePublished":"2016-05-15T00:13:44+00:00","dateModified":"2018-10-12T20:29:29+00:00","description":"Discover an under water world in our national and international diving tours. Mundo Acuatico leads diving tours in Veragua, Nassau, Uvita Island, Del Ca\u00f1o Island, Herradura Beach, Murci\u00e9lago Island, Papagayo gulr, Manzanillo, Bocas del Toro, Roat\u00e1n, Coco Island and the Mayan Riviera","breadcrumb":{"@id":"https:\/\/mundoacuatico.cr\/en\/diving-tours\/#breadcrumb"},"inLanguage":"en-US","potentialAction":[{"@type":"ReadAction","target":["https:\/\/mundoacuatico.cr\/en\/diving-tours\/"]}]},{"@type":"BreadcrumbList","@id":"https:\/\/mundoacuatico.cr\/en\/diving-tours\/#breadcrumb","itemListElement":[{"@type":"ListItem","position":1,"name":"Inicio","item":"https:\/\/mundoacuatico.cr\/"},{"@type":"ListItem","position":2,"name":"Diving Tours"}]},{"@type":"WebSite","@id":"https:\/\/mundoacuatico.cr\/#website","url":"https:\/\/mundoacuatico.cr\/","name":"Mundo Acu\u00e1tico","description":"","potentialAction":[{"@type":"SearchAction","target":{"@type":"EntryPoint","urlTemplate":"https:\/\/mundoacuatico.cr\/?s={search_term_string}"},"query-input":{"@type":"PropertyValueSpecification","valueRequired":true,"valueName":"search_term_string"}}],"inLanguage":"en-US"}]}},"_links":{"self":[{"href":"https:\/\/mundoacuatico.cr\/en\/wp-json\/wp\/v2\/pages\/591","targetHints":{"allow":["GET"]}}],"collection":[{"href":"https:\/\/mundoacuatico.cr\/en\/wp-json\/wp\/v2\/pages"}],"about":[{"href":"https:\/\/mundoacuatico.cr\/en\/wp-json\/wp\/v2\/types\/page"}],"author":[{"embeddable":true,"href":"https:\/\/mundoacuatico.cr\/en\/wp-json\/wp\/v2\/users\/4"}],"replies":[{"embeddable":true,"href":"https:\/\/mundoacuatico.cr\/en\/wp-json\/wp\/v2\/comments?post=591"}],"version-history":[{"count":3,"href":"https:\/\/mundoacuatico.cr\/en\/wp-json\/wp\/v2\/pages\/591\/revisions"}],"predecessor-version":[{"id":2148,"href":"https:\/\/mundoacuatico.cr\/en\/wp-json\/wp\/v2\/pages\/591\/revisions\/2148"}],"wp:attachment":[{"href":"https:\/\/mundoacuatico.cr\/en\/wp-json\/wp\/v2\/media?parent=591"}],"curies":[{"name":"wp","href":"https:\/\/api.w.org\/{rel}","templated":true}]}}